{"id":2430,"date":"2023-07-02T02:48:10","date_gmt":"2023-07-02T02:48:10","guid":{"rendered":"https:\/\/grocerystores.imagedigital10g.com\/?post_type=product&#038;p=2430"},"modified":"2023-08-02T00:54:00","modified_gmt":"2023-08-02T00:54:00","slug":"sal-de-chile-de-chapulin","status":"publish","type":"product","link":"https:\/\/grocerystores.imagedigital10g.com\/index.php\/product\/sal-de-chile-de-chapulin\/","title":{"rendered":"SAL DE CHILE DE CHAPULIN"},"content":{"rendered":"<p>Sal de chile artesanal con chapul\u00edn, para acompa\u00f1ar tus bebidas o fruta favorita, tra\u00edda de los valles de Oaxaca. 120G.<\/p>\n","protected":false},"excerpt":{"rendered":"<p>Sal de chile artesanal con chapul\u00edn, para acompa\u00f1ar tus bebidas o fruta favorita, tra\u00edda de los valles de Oaxaca. 120G.<\/p>\n","protected":false},"featured_media":2431,"comment_status":"closed","ping_status":"closed","template":"","meta":{"om_disable_all_campaigns":false,"_monsterinsights_skip_tracking":false,"_monsterinsights_sitenote_active":false,"_monsterinsights_sitenote_note":"","_monsterinsights_sitenote_category":0,"site-sidebar-layout":"default","site-content-layout":"default","ast-global-header-display":"","ast-main-header-display":"","ast-hfb-above-header-display":"","ast-hfb-below-header-display":"","ast-hfb-mobile-header-display":"","site-post-title":"","ast-breadcrumbs-content":"","ast-featured-img":"","footer-sml-layout":"","theme-transparent-header-meta":"default","adv-header-id-meta":"","stick-header-meta":"","header-above-stick-meta":"","header-main-stick-meta":"","header-below-stick-meta":""},"product_cat":[41],"product_tag":[62],"aioseo_notices":[],"_links":{"self":[{"href":"https:\/\/grocerystores.imagedigital10g.com\/index.php\/wp-json\/wp\/v2\/product\/2430"}],"collection":[{"href":"https:\/\/grocerystores.imagedigital10g.com\/index.php\/wp-json\/wp\/v2\/product"}],"about":[{"href":"https:\/\/grocerystores.imagedigital10g.com\/index.php\/wp-json\/wp\/v2\/types\/product"}],"replies":[{"embeddable":true,"href":"https:\/\/grocerystores.imagedigital10g.com\/index.php\/wp-json\/wp\/v2\/comments?post=2430"}],"wp:featuredmedia":[{"embeddable":true,"href":"https:\/\/grocerystores.imagedigital10g.com\/index.php\/wp-json\/wp\/v2\/media\/2431"}],"wp:attachment":[{"href":"https:\/\/grocerystores.imagedigital10g.com\/index.php\/wp-json\/wp\/v2\/media?parent=2430"}],"wp:term":[{"taxonomy":"product_cat","embeddable":true,"href":"https:\/\/grocerystores.imagedigital10g.com\/index.php\/wp-json\/wp\/v2\/product_cat?post=2430"},{"taxonomy":"product_tag","embeddable":true,"href":"https:\/\/grocerystores.imagedigital10g.com\/index.php\/wp-json\/wp\/v2\/product_tag?post=2430"}],"curies":[{"name":"wp","href":"https:\/\/api.w.org\/{rel}","templated":true}]}}