{"id":802,"date":"2020-02-05T22:19:45","date_gmt":"2020-02-05T22:19:45","guid":{"rendered":"https:\/\/grocerystores.imagedigital10g.com\/index.php\/about\/"},"modified":"2023-08-01T02:03:13","modified_gmt":"2023-08-01T02:03:13","slug":"about","status":"publish","type":"page","link":"https:\/\/grocerystores.imagedigital10g.com\/index.php\/about\/","title":{"rendered":"About"},"content":{"rendered":"\t\t<div data-elementor-type=\"wp-page\" data-elementor-id=\"802\" class=\"elementor elementor-802\">\n\t\t\t\t\t\t\t\t\t<section class=\"elementor-section elementor-top-section elementor-element elementor-element-fb0497d elementor-section-height-min-height elementor-section-boxed elementor-section-height-default elementor-section-items-middle\" data-id=\"fb0497d\" data-element_type=\"section\" data-settings=\"{&quot;background_background&quot;:&quot;classic&quot;}\">\n\t\t\t\t\t\t\t<div class=\"elementor-background-overlay\"><\/div>\n\t\t\t\t\t\t\t<div class=\"elementor-container elementor-column-gap-no\">\n\t\t\t\t\t<div class=\"elementor-column elementor-col-100 elementor-top-column elementor-element elementor-element-325f11c\" data-id=\"325f11c\" data-element_type=\"column\">\n\t\t\t<div class=\"elementor-widget-wrap elementor-element-populated\">\n\t\t\t\t\t\t\t\t<div class=\"elementor-element elementor-element-25b39bd elementor-widget elementor-widget-heading\" data-id=\"25b39bd\" data-element_type=\"widget\" data-widget_type=\"heading.default\">\n\t\t\t\t<div class=\"elementor-widget-container\">\n\t\t\t<style>\/*! elementor - v3.7.4 - 31-08-2022 *\/\n.elementor-heading-title{padding:0;margin:0;line-height:1}.elementor-widget-heading .elementor-heading-title[class*=elementor-size-]>a{color:inherit;font-size:inherit;line-height:inherit}.elementor-widget-heading .elementor-heading-title.elementor-size-small{font-size:15px}.elementor-widget-heading .elementor-heading-title.elementor-size-medium{font-size:19px}.elementor-widget-heading .elementor-heading-title.elementor-size-large{font-size:29px}.elementor-widget-heading .elementor-heading-title.elementor-size-xl{font-size:39px}.elementor-widget-heading .elementor-heading-title.elementor-size-xxl{font-size:59px}<\/style><h1 class=\"elementor-heading-title elementor-size-default\">About<\/h1>\t\t<\/div>\n\t\t\t\t<\/div>\n\t\t\t\t\t<\/div>\n\t\t<\/div>\n\t\t\t\t\t\t\t<\/div>\n\t\t<\/section>\n\t\t\t\t<section class=\"elementor-section elementor-top-section elementor-element elementor-element-6233d5b elementor-section-boxed elementor-section-height-default elementor-section-height-default\" data-id=\"6233d5b\" data-element_type=\"section\" data-settings=\"{&quot;background_background&quot;:&quot;classic&quot;}\">\n\t\t\t\t\t\t\t<div class=\"elementor-background-overlay\"><\/div>\n\t\t\t\t\t\t\t<div class=\"elementor-container elementor-column-gap-no\">\n\t\t\t\t\t<div class=\"elementor-column elementor-col-50 elementor-top-column elementor-element elementor-element-4d7ad86\" data-id=\"4d7ad86\" data-element_type=\"column\">\n\t\t\t<div class=\"elementor-widget-wrap elementor-element-populated\">\n\t\t\t\t\t\t\t\t<div class=\"elementor-element elementor-element-24b4e03 elementor-widget elementor-widget-heading\" data-id=\"24b4e03\" data-element_type=\"widget\" data-widget_type=\"heading.default\">\n\t\t\t\t<div class=\"elementor-widget-container\">\n\t\t\t<h5 class=\"elementor-heading-title elementor-size-default\">ACERCA DE<\/h5>\t\t<\/div>\n\t\t\t\t<\/div>\n\t\t\t\t<div class=\"elementor-element elementor-element-7ef155e elementor-position-top elementor-vertical-align-top elementor-widget elementor-widget-image-box\" data-id=\"7ef155e\" data-element_type=\"widget\" data-widget_type=\"image-box.default\">\n\t\t\t\t<div class=\"elementor-widget-container\">\n\t\t\t<style>\/*! elementor - v3.7.4 - 31-08-2022 *\/\n.elementor-widget-image-box .elementor-image-box-content{width:100%}@media (min-width:768px){.elementor-widget-image-box.elementor-position-left .elementor-image-box-wrapper,.elementor-widget-image-box.elementor-position-right .elementor-image-box-wrapper{display:-webkit-box;display:-ms-flexbox;display:flex}.elementor-widget-image-box.elementor-position-right .elementor-image-box-wrapper{text-align:right;-webkit-box-orient:horizontal;-webkit-box-direction:reverse;-ms-flex-direction:row-reverse;flex-direction:row-reverse}.elementor-widget-image-box.elementor-position-left .elementor-image-box-wrapper{text-align:left;-webkit-box-orient:horizontal;-webkit-box-direction:normal;-ms-flex-direction:row;flex-direction:row}.elementor-widget-image-box.elementor-position-top .elementor-image-box-img{margin:auto}.elementor-widget-image-box.elementor-vertical-align-top .elementor-image-box-wrapper{-webkit-box-align:start;-ms-flex-align:start;align-items:flex-start}.elementor-widget-image-box.elementor-vertical-align-middle .elementor-image-box-wrapper{-webkit-box-align:center;-ms-flex-align:center;align-items:center}.elementor-widget-image-box.elementor-vertical-align-bottom .elementor-image-box-wrapper{-webkit-box-align:end;-ms-flex-align:end;align-items:flex-end}}@media (max-width:767px){.elementor-widget-image-box .elementor-image-box-img{margin-left:auto!important;margin-right:auto!important;margin-bottom:15px}}.elementor-widget-image-box .elementor-image-box-img{display:inline-block}.elementor-widget-image-box .elementor-image-box-title a{color:inherit}.elementor-widget-image-box .elementor-image-box-wrapper{text-align:center}.elementor-widget-image-box .elementor-image-box-description{margin:0}<\/style><div class=\"elementor-image-box-wrapper\"><div class=\"elementor-image-box-content\"><h3 class=\"elementor-image-box-title\">Nosotros<\/h3><p class=\"elementor-image-box-description\">\u00a1Bienvenido a nuestra plataforma en l\u00ednea, tu destino definitivo para descubrir productos de todas las tiendas bajo un mismo techo! Estamos encantados de presentarte nuestra secci\u00f3n \"Acerca de nosotros\", donde te invitamos a conocer nuestra historia y entender nuestra pasi\u00f3n por brindarte una experiencia de compra \u00fanica.<\/p><\/div><\/div>\t\t<\/div>\n\t\t\t\t<\/div>\n\t\t\t\t<div class=\"elementor-element elementor-element-670d2b0 elementor-widget elementor-widget-text-editor\" data-id=\"670d2b0\" data-element_type=\"widget\" data-widget_type=\"text-editor.default\">\n\t\t\t\t<div class=\"elementor-widget-container\">\n\t\t\t<style>\/*! elementor - v3.7.4 - 31-08-2022 *\/\n.elementor-widget-text-editor.elementor-drop-cap-view-stacked .elementor-drop-cap{background-color:#818a91;color:#fff}.elementor-widget-text-editor.elementor-drop-cap-view-framed .elementor-drop-cap{color:#818a91;border:3px solid;background-color:transparent}.elementor-widget-text-editor:not(.elementor-drop-cap-view-default) .elementor-drop-cap{margin-top:8px}.elementor-widget-text-editor:not(.elementor-drop-cap-view-default) .elementor-drop-cap-letter{width:1em;height:1em}.elementor-widget-text-editor .elementor-drop-cap{float:left;text-align:center;line-height:1;font-size:50px}.elementor-widget-text-editor .elementor-drop-cap-letter{display:inline-block}<\/style>\t\t\t\t<p>Creemos que la diversidad de opciones es la clave para encontrar el producto perfecto que se ajuste a tus necesidades y preferencias. Nuestro objetivo es simplificar tu proceso de b\u00fasqueda y permitirte explorar una amplia gama de productos de diferentes tiendas.<\/p>\t\t\t\t\t\t<\/div>\n\t\t\t\t<\/div>\n\t\t\t\t<div class=\"elementor-element elementor-element-b0fdd5f elementor-widget elementor-widget-text-editor\" data-id=\"b0fdd5f\" data-element_type=\"widget\" data-widget_type=\"text-editor.default\">\n\t\t\t\t<div class=\"elementor-widget-container\">\n\t\t\t\t\t\t\t<p>Trabajamos arduamente para asociarnos con las mejores tiendas locales, para ofrecerte una selecci\u00f3n de productos diversa y de alta calidad. Nuestro equipo de expertos est\u00e1 constantemente curando y actualizando nuestra plataforma con los productos m\u00e1s populares y novedosos del mercado, garantizando que siempre encuentres algo emocionante y nuevo cada vez que nos visites.<\/p>\t\t\t\t\t\t<\/div>\n\t\t\t\t<\/div>\n\t\t\t\t<div class=\"elementor-element elementor-element-96ba9ae elementor-widget elementor-widget-text-editor\" data-id=\"96ba9ae\" data-element_type=\"widget\" data-widget_type=\"text-editor.default\">\n\t\t\t\t<div class=\"elementor-widget-container\">\n\t\t\t\t\t\t\t<p>Adem\u00e1s, nos enorgullece proporcionarte una experiencia de compra sin complicaciones. Nuestra interfaz intuitiva y f\u00e1cil de navegar te permite buscar productos, comparar precios y leer opiniones de otros clientes, todo en un solo lugar. Tambi\u00e9n te brindamos opciones de pago seguras y diversas opciones de env\u00edo para que recibas tus productos de manera r\u00e1pida y conveniente.<\/p>\t\t\t\t\t\t<\/div>\n\t\t\t\t<\/div>\n\t\t\t\t<div class=\"elementor-element elementor-element-41c7340 elementor-widget elementor-widget-text-editor\" data-id=\"41c7340\" data-element_type=\"widget\" data-widget_type=\"text-editor.default\">\n\t\t\t\t<div class=\"elementor-widget-container\">\n\t\t\t\t\t\t\t<p>Te invitamos a explorar nuestra tienda online y descubrir la amplia variedad de productos disponibles.<\/p>\n<p>Gracias por elegirnos como tu destino de compras en l\u00ednea y esperamos que disfrutes de la experiencia.<\/p>\n<p>\u00a1Feliz compra!<\/p>\t\t\t\t\t\t<\/div>\n\t\t\t\t<\/div>\n\t\t\t\t\t<\/div>\n\t\t<\/div>\n\t\t\t\t<div class=\"elementor-column elementor-col-50 elementor-top-column elementor-element elementor-element-03a6bc5\" data-id=\"03a6bc5\" data-element_type=\"column\">\n\t\t\t<div class=\"elementor-widget-wrap elementor-element-populated\">\n\t\t\t\t\t\t\t\t<div class=\"elementor-element elementor-element-02ae585 elementor-widget elementor-widget-image\" data-id=\"02ae585\" data-element_type=\"widget\" data-widget_type=\"image.default\">\n\t\t\t\t<div class=\"elementor-widget-container\">\n\t\t\t<style>\/*! elementor - v3.7.4 - 31-08-2022 *\/\n.elementor-widget-image{text-align:center}.elementor-widget-image a{display:inline-block}.elementor-widget-image a img[src$=\".svg\"]{width:48px}.elementor-widget-image img{vertical-align:middle;display:inline-block}<\/style>\t\t\t\t\t\t\t\t\t\t\t\t<img width=\"1113\" height=\"1829\" src=\"https:\/\/grocerystores.imagedigital10g.com\/wp-content\/uploads\/2023\/01\/22740797_1-scaled-e1672717887793.jpg\" class=\"attachment-full size-full\" alt=\"\" loading=\"lazy\" srcset=\"https:\/\/grocerystores.imagedigital10g.com\/wp-content\/uploads\/2023\/01\/22740797_1-scaled-e1672717887793.jpg 1113w, https:\/\/grocerystores.imagedigital10g.com\/wp-content\/uploads\/2023\/01\/22740797_1-scaled-e1672717887793-183x300.jpg 183w, https:\/\/grocerystores.imagedigital10g.com\/wp-content\/uploads\/2023\/01\/22740797_1-scaled-e1672717887793-623x1024.jpg 623w, https:\/\/grocerystores.imagedigital10g.com\/wp-content\/uploads\/2023\/01\/22740797_1-scaled-e1672717887793-768x1262.jpg 768w, https:\/\/grocerystores.imagedigital10g.com\/wp-content\/uploads\/2023\/01\/22740797_1-scaled-e1672717887793-935x1536.jpg 935w, https:\/\/grocerystores.imagedigital10g.com\/wp-content\/uploads\/2023\/01\/22740797_1-scaled-e1672717887793-600x986.jpg 600w\" sizes=\"(max-width: 1113px) 100vw, 1113px\" \/>\t\t\t\t\t\t\t\t\t\t\t\t\t\t\t<\/div>\n\t\t\t\t<\/div>\n\t\t\t\t\t<\/div>\n\t\t<\/div>\n\t\t\t\t\t\t\t<\/div>\n\t\t<\/section>\n\t\t\t\t\t\t\t<\/div>\n\t\t","protected":false},"excerpt":{"rendered":"<p>About ACERCA DE Nosotros \u00a1Bienvenido a nuestra plataforma en l\u00ednea, tu destino definitivo para descubrir productos de todas las tiendas bajo un mismo techo! Estamos encantados de presentarte nuestra secci\u00f3n &#8220;Acerca de nosotros&#8221;, donde te invitamos a conocer nuestra historia y entender nuestra pasi\u00f3n por brindarte una experiencia de compra \u00fanica. Creemos que la diversidad &hellip;<\/p>\n<p class=\"read-more\"> <a class=\"\" href=\"https:\/\/grocerystores.imagedigital10g.com\/index.php\/about\/\"> <span class=\"screen-reader-text\">About<\/span> Leer m\u00e1s &raquo;<\/a><\/p>\n","protected":false},"author":1,"featured_media":0,"parent":0,"menu_order":0,"comment_status":"closed","ping_status":"closed","template":"","meta":{"om_disable_all_campaigns":false,"_monsterinsights_skip_tracking":false,"_monsterinsights_sitenote_active":false,"_monsterinsights_sitenote_note":"","_monsterinsights_sitenote_category":0,"site-sidebar-layout":"no-sidebar","site-content-layout":"page-builder","ast-global-header-display":"","ast-main-header-display":"","ast-hfb-above-header-display":"","ast-hfb-below-header-display":"","ast-hfb-mobile-header-display":"","site-post-title":"disabled","ast-breadcrumbs-content":"disabled","ast-featured-img":"disabled","footer-sml-layout":"","theme-transparent-header-meta":"enabled","adv-header-id-meta":"","stick-header-meta":"","header-above-stick-meta":"","header-main-stick-meta":"","header-below-stick-meta":""},"aioseo_notices":[],"_links":{"self":[{"href":"https:\/\/grocerystores.imagedigital10g.com\/index.php\/wp-json\/wp\/v2\/pages\/802"}],"collection":[{"href":"https:\/\/grocerystores.imagedigital10g.com\/index.php\/wp-json\/wp\/v2\/pages"}],"about":[{"href":"https:\/\/grocerystores.imagedigital10g.com\/index.php\/wp-json\/wp\/v2\/types\/page"}],"author":[{"embeddable":true,"href":"https:\/\/grocerystores.imagedigital10g.com\/index.php\/wp-json\/wp\/v2\/users\/1"}],"replies":[{"embeddable":true,"href":"https:\/\/grocerystores.imagedigital10g.com\/index.php\/wp-json\/wp\/v2\/comments?post=802"}],"version-history":[{"count":40,"href":"https:\/\/grocerystores.imagedigital10g.com\/index.php\/wp-json\/wp\/v2\/pages\/802\/revisions"}],"predecessor-version":[{"id":2723,"href":"https:\/\/grocerystores.imagedigital10g.com\/index.php\/wp-json\/wp\/v2\/pages\/802\/revisions\/2723"}],"wp:attachment":[{"href":"https:\/\/grocerystores.imagedigital10g.com\/index.php\/wp-json\/wp\/v2\/media?parent=802"}],"curies":[{"name":"wp","href":"https:\/\/api.w.org\/{rel}","templated":true}]}}